{"id":2193,"date":"2021-12-20T12:38:58","date_gmt":"2021-12-20T11:38:58","guid":{"rendered":"https:\/\/manouchian-au-pantheon.org\/?page_id=2193"},"modified":"2022-02-20T14:17:31","modified_gmt":"2022-02-20T13:17:31","slug":"je-donne-jadhere","status":"publish","type":"page","link":"https:\/\/manouchian-au-pantheon.org\/index.php\/je-donne-jadhere\/","title":{"rendered":"Je donne, j&rsquo;adh\u00e8re"},"content":{"rendered":"\n<p class=\"has-huge-font-size\"><strong><a href=\"https:\/\/manouchian-au-pantheon.org\/index.php\/adherer\/\">J&rsquo;adh\u00e8re \u00e0 Unit\u00e9 La\u00efque<\/a><\/strong><\/p>\n\n\n\n<p><\/p>\n\n\n\n<p class=\"has-huge-font-size\"><a href=\"https:\/\/unitelaique.org\/index.php\/je-donne\/\"><strong>Je fais un don <\/strong><\/a><br><a href=\"https:\/\/unitelaique.org\/index.php\/je-donne\/\"><strong>pour soutenir la d\u00e9marche<\/strong><\/a><br><a href=\"https:\/\/unitelaique.org\/index.php\/je-donne\/\"><strong>\u00ab\u00a0Missak Manouchian au Panth\u00e9on\u00a0\u00bb<\/strong><\/a><\/p>\n\n\n\n<p class=\"has-medium-font-size\"><strong><em>Mention \u00ab\u00a0Pour Missak Manouchian\u00a0\u00bb, en commentaire de votre don<\/em><\/strong><\/p>\n","protected":false},"excerpt":{"rendered":"<p>J&rsquo;adh\u00e8re \u00e0 Unit\u00e9 La\u00efque Je fais un don pour soutenir la d\u00e9marche\u00ab\u00a0Missak Manouchian au Panth\u00e9on\u00a0\u00bb Mention \u00ab\u00a0Pour Missak Manouchian\u00a0\u00bb, en commentaire de votre don<\/p>\n","protected":false},"author":1,"featured_media":0,"parent":0,"menu_order":0,"comment_status":"closed","ping_status":"closed","template":"","meta":{"footnotes":""},"class_list":["post-2193","page","type-page","status-publish","hentry"],"_links":{"self":[{"href":"https:\/\/manouchian-au-pantheon.org\/index.php\/wp-json\/wp\/v2\/pages\/2193","targetHints":{"allow":["GET"]}}],"collection":[{"href":"https:\/\/manouchian-au-pantheon.org\/index.php\/wp-json\/wp\/v2\/pages"}],"about":[{"href":"https:\/\/manouchian-au-pantheon.org\/index.php\/wp-json\/wp\/v2\/types\/page"}],"author":[{"embeddable":true,"href":"https:\/\/manouchian-au-pantheon.org\/index.php\/wp-json\/wp\/v2\/users\/1"}],"replies":[{"embeddable":true,"href":"https:\/\/manouchian-au-pantheon.org\/index.php\/wp-json\/wp\/v2\/comments?post=2193"}],"version-history":[{"count":6,"href":"https:\/\/manouchian-au-pantheon.org\/index.php\/wp-json\/wp\/v2\/pages\/2193\/revisions"}],"predecessor-version":[{"id":3137,"href":"https:\/\/manouchian-au-pantheon.org\/index.php\/wp-json\/wp\/v2\/pages\/2193\/revisions\/3137"}],"wp:attachment":[{"href":"https:\/\/manouchian-au-pantheon.org\/index.php\/wp-json\/wp\/v2\/media?parent=2193"}],"curies":[{"name":"wp","href":"https:\/\/api.w.org\/{rel}","templated":true}]}}